{"id":723,"date":"2023-01-22T14:24:11","date_gmt":"2023-01-22T13:24:11","guid":{"rendered":"https:\/\/www.archives-desnos.fr\/?page_id=723"},"modified":"2024-02-16T11:40:03","modified_gmt":"2024-02-16T10:40:03","slug":"articles-et-communication","status":"publish","type":"page","link":"https:\/\/www.archives-desnos.fr\/?page_id=723","title":{"rendered":"Articles et communications"},"content":{"rendered":"\n\n\t<h2>\u00ab\u00a0Po\u00e8tes en correspondances : Robert Desnos\u00a0\u00bb, actes de la journ\u00e9e d&rsquo;\u00e9tudes (19 mai 2022, Sorbonne Nouvelle)<\/h2>\n<ul>\n<li><strong>Avant-propos<\/strong>, Marie-Paule Berranger [<a href=\"https:\/\/www.archives-desnos.fr\/?p=863\" target=\"_blank\" rel=\"noopener\">article<\/a>]<\/li>\n<li><strong>\u00c0 propos d&rsquo;une signature contest\u00e9e. Correspondance Jean Carrive et famille, Andr\u00e9 Breton, Desnos en 1925<\/strong>, Marie-Claire Dumas (Universit\u00e9 Paris Diderot) [<a href=\"https:\/\/www.archives-desnos.fr\/?p=763\" target=\"_blank\" rel=\"noopener\">article<\/a>]<\/li>\n<li><strong>\u00ab\u00a0Flotter sur la bourrasque\u00a0\u00bb. Lettres d&rsquo;amour et de guerre, Marie-Paule Berranger<\/strong> (Universit\u00e9 Sorbonne Nouvelle, UMR Thalim)[<a href=\"https:\/\/www.archives-desnos.fr\/?p=779\" target=\"_blank\" rel=\"noopener\">article<\/a>]<\/li>\n<li><strong>\u00ab\u00a0Cinq ann\u00e9es d&rsquo;une amiti\u00e9 totale suivies de trois ann\u00e9es de silence\u00a0\u00bb. La correspondance Andr\u00e9 Breton &#8211; Robert Desnos<\/strong>, Antoine Poisson (Universit\u00e9 Sorbonne Nouvelle, UMR Thalim) [<a href=\"https:\/\/www.archives-desnos.fr\/?p=774\" target=\"_blank\" rel=\"noopener\">article<\/a>]<\/li>\n<li><strong>\u00ab\u00a0Les mots malgr\u00e9 tout nous restent comme seule arme\u00a0\u00bb : La mosa\u00efque d&rsquo;une \u00e9thique et d&rsquo;une esth\u00e9tique du bonheur dans la correspondance de Robert Desnos<\/strong>, Sivia Ferrari (Universit\u00e9 du Pi\u00e9mont Oriental) [<a href=\"https:\/\/www.archives-desnos.fr\/?p=761\" target=\"_blank\" rel=\"noopener\">article<\/a>]<\/li>\n<li><strong>Robert et ses ma\u00eetres (Jean de Bonnefon et Louis de Gonzague Frick)<\/strong>, Marie Bonnot (Universit\u00e9 Paris Cit\u00e9, UMR Thalim) [<a href=\"https:\/\/www.archives-desnos.fr\/?p=729\" target=\"_blank\" rel=\"noopener\">article<\/a>]<\/li>\n<li><strong>\u00ab\u00a0La semelle et le brochet\u00a0\u00bb &#8211; Autour de la correspondance de Georges Malkine et de Robert Desnos<\/strong>, Damiano De Pieri (Universit\u00e9 Sorbonne Nouvelle, UMR Thalim) [<a href=\"https:\/\/www.archives-desnos.fr\/?p=1058\">article<\/a>]<\/li>\n<\/ul>\n<p>&nbsp;<\/p>\n\t\t\t\t<a href=\"https:\/\/www.archives-desnos.fr\/wp-content\/uploads\/2023\/02\/Figure-28-Livre-Youki-Ms-6669-thumbnail_Image.jpg\" target=\"_blank\" rel=\"noopener\" itemprop=\"url\">\n\t\t\t\t<img loading=\"lazy\" decoding=\"async\" src=\"https:\/\/www.archives-desnos.fr\/wp-content\/uploads\/2023\/02\/Figure-28-Livre-Youki-Ms-6669-thumbnail_Image.jpg\" alt=\"Figure 26. Livre secret de Youki (Ms 6669) \" itemprop=\"image\" height=\"481\" width=\"630\" onerror=\"this.style.display='none'\"  \/>\n\t\t\t\t<\/a>\n\t\t\t\t\t\tFigure 26. Livre secret de Youki (Ms 6669) \n\n","protected":false},"excerpt":{"rendered":"<p>\u00ab\u00a0Po\u00e8tes en correspondances : Robert Desnos\u00a0\u00bb, actes de la journ\u00e9e d&rsquo;\u00e9tudes (19 mai 2022, Sorbonne Nouvelle) Avant-propos, Marie-Paule Berranger [article] \u00c0 propos d&rsquo;une signature contest\u00e9e. Correspondance Jean Carrive et famille, Andr\u00e9 Breton, Desnos en 1925, Marie-Claire Dumas (Universit\u00e9 Paris Diderot) [article] \u00ab\u00a0Flotter sur la bourrasque\u00a0\u00bb. Lettres d&rsquo;amour et de guerre, Marie-Paule Berranger (Universit\u00e9 Sorbonne Nouvelle, &hellip;<\/p>\n<p class=\"read-more\"> <a class=\"\" href=\"https:\/\/www.archives-desnos.fr\/?page_id=723\"> <span class=\"screen-reader-text\">Articles et communications<\/span> Lire la suite\u00a0\u00bb<\/a><\/p>\n","protected":false},"author":7,"featured_media":0,"parent":0,"menu_order":0,"comment_status":"closed","ping_status":"closed","template":"","meta":{"site-sidebar-layout":"default","site-content-layout":"default","ast-main-header-display":"","ast-hfb-above-header-display":"","ast-hfb-below-header-display":"","ast-hfb-mobile-header-display":"","site-post-title":"","ast-breadcrumbs-content":"","ast-featured-img":"","footer-sml-layout":"","theme-transparent-header-meta":"","adv-header-id-meta":"","stick-header-meta":"","header-above-stick-meta":"","header-main-stick-meta":"","header-below-stick-meta":"","footnotes":""},"categorie_oeuvre":[],"type_document":[],"periode":[],"type_ressource":[],"class_list":["post-723","page","type-page","status-publish","hentry"],"_links":{"self":[{"href":"https:\/\/www.archives-desnos.fr\/index.php?rest_route=\/wp\/v2\/pages\/723","targetHints":{"allow":["GET"]}}],"collection":[{"href":"https:\/\/www.archives-desnos.fr\/index.php?rest_route=\/wp\/v2\/pages"}],"about":[{"href":"https:\/\/www.archives-desnos.fr\/index.php?rest_route=\/wp\/v2\/types\/page"}],"author":[{"embeddable":true,"href":"https:\/\/www.archives-desnos.fr\/index.php?rest_route=\/wp\/v2\/users\/7"}],"replies":[{"embeddable":true,"href":"https:\/\/www.archives-desnos.fr\/index.php?rest_route=%2Fwp%2Fv2%2Fcomments&post=723"}],"version-history":[{"count":30,"href":"https:\/\/www.archives-desnos.fr\/index.php?rest_route=\/wp\/v2\/pages\/723\/revisions"}],"predecessor-version":[{"id":1063,"href":"https:\/\/www.archives-desnos.fr\/index.php?rest_route=\/wp\/v2\/pages\/723\/revisions\/1063"}],"wp:attachment":[{"href":"https:\/\/www.archives-desnos.fr\/index.php?rest_route=%2Fwp%2Fv2%2Fmedia&parent=723"}],"wp:term":[{"taxonomy":"categorie_oeuvre","embeddable":true,"href":"https:\/\/www.archives-desnos.fr\/index.php?rest_route=%2Fwp%2Fv2%2Fcategorie_oeuvre&post=723"},{"taxonomy":"type_document","embeddable":true,"href":"https:\/\/www.archives-desnos.fr\/index.php?rest_route=%2Fwp%2Fv2%2Ftype_document&post=723"},{"taxonomy":"periode","embeddable":true,"href":"https:\/\/www.archives-desnos.fr\/index.php?rest_route=%2Fwp%2Fv2%2Fperiode&post=723"},{"taxonomy":"type_ressource","embeddable":true,"href":"https:\/\/www.archives-desnos.fr\/index.php?rest_route=%2Fwp%2Fv2%2Ftype_ressource&post=723"}],"curies":[{"name":"wp","href":"https:\/\/api.w.org\/{rel}","templated":true}]}}