{"id":13,"date":"2021-01-04T10:08:02","date_gmt":"2021-01-04T09:08:02","guid":{"rendered":"http:\/\/vflykjm.cluster030.hosting.ovh.net\/?page_id=13"},"modified":"2022-01-17T15:28:52","modified_gmt":"2022-01-17T14:28:52","slug":"accueil","status":"publish","type":"page","link":"https:\/\/www.archives-desnos.fr\/","title":{"rendered":"Accueil"},"content":{"rendered":"\n<h1>\n\t\tRECHERCHER UNE \u0152UVRE\n\t<\/h1>\n\t<p><strong>Ce site autonome constitu\u00e9 \u00e0 la Sorbonne nouvelle dans le cadre du laboratoire Thalim, avec la collaboration de chercheurs fran\u00e7ais et internationaux, vise \u00e0 faciliter l&rsquo;utilisation des archives num\u00e9ris\u00e9es de Desnos par les non-professionnels tout autant que par les chercheurs.<\/strong><\/p>\n\t\t\t<a href=\"https:\/\/www.archives-desnos.fr\/?page_id=18\" target=\"_self\" role=\"button\" rel=\"noopener\">\n\t\t\t\t\t\t\tAcc\u00e9der \u00e0 la recherche approfondie\n\t\t\t\t\t<\/a>\n\t\t\t\t<a href=\"https:\/\/www.archives-desnos.fr\/?page_id=15\" target=\"_self\" itemprop=\"url\" rel=\"noopener\">\n\t\t\t\t<img loading=\"lazy\" decoding=\"async\" src=\"https:\/\/www.archives-desnos.fr\/wp-content\/uploads\/2021\/03\/Robert-Denos-photographie-de-Man-Ray-1922.jpg\" alt=\"Robert Desnos, photographie de Man Ray, 1922\" itemprop=\"image\" height=\"224\" width=\"300\" title=\"Robert Desnos, photographie de Man Ray, 1922\" onerror=\"this.style.display='none'\"  \/>\n\t\t\t\t<\/a>\n\t<h1>QUI EST ROBERT DESNOS ?<\/h1>\n<p>Robert Desnos (1900-1945) est un po\u00e8te que la diversit\u00e9 de son \u0153uvre, sa personnalit\u00e9 rayonnante et passionn\u00e9e ont rendu populaire au point qu&rsquo;il est le personnage de plusieurs romans et que nombre d&rsquo;\u00e9coles arborent son nom.<\/p>\n<p>Les \u00ab\u00a0sommeils hypnotiques\u00a0\u00bb \u00e0 l&rsquo;automne 1922 ont r\u00e9v\u00e9l\u00e9 le po\u00e8te qui \u00ab\u00a0parle surr\u00e9aliste \u00e0 volont\u00e9\u00a0\u00bb\u00a0selon la formule de Breton et prof\u00e8re les \u00e9quations vertigineuses de son double po\u00e9tique, Rrose S\u00e9lavy.<\/p>\n\t\t\t<a href=\"https:\/\/www.archives-desnos.fr\/?page_id=15\" target=\"_self\" role=\"button\" rel=\"noopener\">\n\t\t\t\t\t\t\tEn savoir plus\n\t\t\t\t\t<\/a>\n\t<h1>L&rsquo;\u00c9QUIPE<\/h1>\n<p>Le site est anim\u00e9 par des passionn\u00e9(e)s de Robert Desnos et coordonn\u00e9 par Marie-Paule Berranger<\/p>\n\t\t\t<a href=\"https:\/\/www.archives-desnos.fr\/?page_id=24\" target=\"_self\" role=\"button\" rel=\"noopener\">\n\t\t\t\t\t\t\tCliquez ici\n\t\t\t\t\t<\/a>\n\t\t\t\t<a href=\"https:\/\/www.archives-desnos.fr?page_id=24\" target=\"_self\" itemprop=\"url\" rel=\"noopener\">\n\t\t\t\t<img loading=\"lazy\" decoding=\"async\" src=\"https:\/\/www.archives-desnos.fr\/wp-content\/uploads\/2021\/03\/logo.png\" alt=\"logo\" itemprop=\"image\" height=\"83\" width=\"166\" title=\"logo\" onerror=\"this.style.display='none'\"  \/>\n\t\t\t\t<\/a>\n\n","protected":false},"excerpt":{"rendered":"<p>RECHERCHER UNE \u0152UVRE Ce site autonome constitu\u00e9 \u00e0 la Sorbonne nouvelle dans le cadre du laboratoire Thalim, avec la collaboration de chercheurs fran\u00e7ais et internationaux, vise \u00e0 faciliter l&rsquo;utilisation des archives num\u00e9ris\u00e9es de Desnos par les non-professionnels tout autant que par les chercheurs. Acc\u00e9der \u00e0 la recherche approfondie QUI EST ROBERT DESNOS ? Robert Desnos &hellip;<\/p>\n<p class=\"read-more\"> <a class=\"\" href=\"https:\/\/www.archives-desnos.fr\/\"> <span class=\"screen-reader-text\">Accueil<\/span> Lire la suite\u00a0\u00bb<\/a><\/p>\n","protected":false},"author":3,"featured_media":0,"parent":0,"menu_order":0,"comment_status":"closed","ping_status":"closed","template":"","meta":{"site-sidebar-layout":"no-sidebar","site-content-layout":"default","ast-main-header-display":"","ast-hfb-above-header-display":"","ast-hfb-below-header-display":"","ast-hfb-mobile-header-display":"","site-post-title":"disabled","ast-breadcrumbs-content":"","ast-featured-img":"","footer-sml-layout":"","theme-transparent-header-meta":"default","adv-header-id-meta":"","stick-header-meta":"","header-above-stick-meta":"","header-main-stick-meta":"","header-below-stick-meta":"","footnotes":""},"categorie_oeuvre":[],"type_document":[],"periode":[],"type_ressource":[],"class_list":["post-13","page","type-page","status-publish","hentry"],"_links":{"self":[{"href":"https:\/\/www.archives-desnos.fr\/index.php?rest_route=\/wp\/v2\/pages\/13","targetHints":{"allow":["GET"]}}],"collection":[{"href":"https:\/\/www.archives-desnos.fr\/index.php?rest_route=\/wp\/v2\/pages"}],"about":[{"href":"https:\/\/www.archives-desnos.fr\/index.php?rest_route=\/wp\/v2\/types\/page"}],"author":[{"embeddable":true,"href":"https:\/\/www.archives-desnos.fr\/index.php?rest_route=\/wp\/v2\/users\/3"}],"replies":[{"embeddable":true,"href":"https:\/\/www.archives-desnos.fr\/index.php?rest_route=%2Fwp%2Fv2%2Fcomments&post=13"}],"version-history":[{"count":50,"href":"https:\/\/www.archives-desnos.fr\/index.php?rest_route=\/wp\/v2\/pages\/13\/revisions"}],"predecessor-version":[{"id":673,"href":"https:\/\/www.archives-desnos.fr\/index.php?rest_route=\/wp\/v2\/pages\/13\/revisions\/673"}],"wp:attachment":[{"href":"https:\/\/www.archives-desnos.fr\/index.php?rest_route=%2Fwp%2Fv2%2Fmedia&parent=13"}],"wp:term":[{"taxonomy":"categorie_oeuvre","embeddable":true,"href":"https:\/\/www.archives-desnos.fr\/index.php?rest_route=%2Fwp%2Fv2%2Fcategorie_oeuvre&post=13"},{"taxonomy":"type_document","embeddable":true,"href":"https:\/\/www.archives-desnos.fr\/index.php?rest_route=%2Fwp%2Fv2%2Ftype_document&post=13"},{"taxonomy":"periode","embeddable":true,"href":"https:\/\/www.archives-desnos.fr\/index.php?rest_route=%2Fwp%2Fv2%2Fperiode&post=13"},{"taxonomy":"type_ressource","embeddable":true,"href":"https:\/\/www.archives-desnos.fr\/index.php?rest_route=%2Fwp%2Fv2%2Ftype_ressource&post=13"}],"curies":[{"name":"wp","href":"https:\/\/api.w.org\/{rel}","templated":true}]}}